{"id":28,"date":"2021-01-11T08:31:34","date_gmt":"2021-01-11T07:31:34","guid":{"rendered":"http:\/\/gruene-siegbach.de\/?page_id=28"},"modified":"2021-07-12T18:09:17","modified_gmt":"2021-07-12T16:09:17","slug":"die-gruenen-in-siegbach","status":"publish","type":"page","link":"https:\/\/gruene-siegbach.de\/?page_id=28","title":{"rendered":"Die Gr\u00fcnen in Siegbach"},"content":{"rendered":"\n[et_pb_section fb_built=&#8220;1&#8243; _builder_version=&#8220;3.22&#8243;][et_pb_row _builder_version=&#8220;4.9.3&#8243; _module_preset=&#8220;default&#8220; column_structure=&#8220;1_2,1_2&#8243; admin_label=&#8220;Zeile&#8220; hover_enabled=&#8220;0&#8243; sticky_enabled=&#8220;0&#8243;][et_pb_column _builder_version=&#8220;4.9.3&#8243; _module_preset=&#8220;default&#8220; type=&#8220;1_2&#8243;][et_pb_image src=&#8220;https:\/\/gruene-siegbach.de\/wp-content\/uploads\/2021\/01\/christof.jpg&#8220; _builder_version=&#8220;4.9.3&#8243; _module_preset=&#8220;default&#8220; title_text=&#8220;Truppe&#8220; hover_enabled=&#8220;0&#8243; sticky_enabled=&#8220;0&#8243; border_radii=&#8220;on|10px|10px|10px|10px&#8220; border_width_all=&#8220;9px&#8220; border_color_all=&#8220;#FFFFFF&#8220; box_shadow_style=&#8220;preset3&#8243; animation_style=&#8220;bounce&#8220;][\/et_pb_image][et_pb_text _builder_version=&#8220;4.9.3&#8243; _module_preset=&#8220;default&#8220; hover_enabled=&#8220;0&#8243; sticky_enabled=&#8220;0&#8243; background_color_gradient_direction=&#8220;0deg&#8220; background_color=&#8220;RGBA(0,0,0,0)&#8220;]<h1 style=\"text-align: center;\">Christof Martin<\/h1>\n<h6 style=\"text-align: center;\">57 JAHRE \u00b7 LANDWIRT\u00a0<\/h6>\n<p><strong>Politische Anliegen\/Schwerpunkte:<\/strong><\/p>\n<p>Transparente Politik<\/p>\n<ul>\n<li>Gelingenden Austausch und Zusammenarbeit mit den anderen Fraktionen erreichen<\/li>\n<li>Insbesondere Kindern und Jugendlichen \u00f6kologisches Verst\u00e4ndnis und die Liebe zur Landwirtschaft und den Tieren nahebringen.<\/li>\n<\/ul>[\/et_pb_text][\/et_pb_column][et_pb_column _builder_version=&#8220;4.9.3&#8243; _module_preset=&#8220;default&#8220; type=&#8220;1_2&#8243;][et_pb_image src=&#8220;https:\/\/gruene-siegbach.de\/wp-content\/uploads\/2021\/01\/ramona.jpg&#8220; _builder_version=&#8220;4.9.3&#8243; _module_preset=&#8220;default&#8220; title_text=&#8220;Truppe&#8220; hover_enabled=&#8220;0&#8243; sticky_enabled=&#8220;0&#8243; border_radii=&#8220;on|10px|10px|10px|10px&#8220; border_width_all=&#8220;9px&#8220; border_color_all=&#8220;#FFFFFF&#8220; box_shadow_style=&#8220;preset3&#8243; locked=&#8220;off&#8220; animation_style=&#8220;bounce&#8220;][\/et_pb_image][et_pb_text _builder_version=&#8220;4.9.3&#8243; _module_preset=&#8220;default&#8220; hover_enabled=&#8220;0&#8243; sticky_enabled=&#8220;0&#8243; background_color_gradient_direction=&#8220;0deg&#8220; background_color=&#8220;RGBA(0,0,0,0)&#8220; locked=&#8220;off&#8220;]<h1 style=\"text-align: center;\">Ramona K\u00fchlborn<\/h1>\n<h6 style=\"text-align: center;\">46 JAHRE \u00b7 Dipl.-Sozialp\u00e4dagogin\/Kriminologin in der Jugendhilfe in Strafsachen des Lahn-Dill-Kreises<\/h6>\n<p><strong>Politische Anliegen\/Schwerpunkte:<\/strong><\/p>\n<ul>\n<li>Soziale Anbindungen f\u00fcr alle schaffen und Gemeinsinn f\u00f6rdern<\/li>\n<li>Gesellschaftliche Ressourcen finden und nutzbar machen<\/li>\n<li>Erhalt der Natur und Eintreten f\u00fcr mehr Nachhaltigkeit in der Gemeinde<\/li>\n<li>Einen h\u00f6heren Frauenanteil im Parlament erreichen<\/li>\n<\/ul>[\/et_pb_text][\/et_pb_column][\/et_pb_row][et_pb_row _builder_version=&#8220;4.9.3&#8243; _module_preset=&#8220;default&#8220; column_structure=&#8220;1_2,1_2&#8243; admin_label=&#8220;Zeile&#8220; hover_enabled=&#8220;0&#8243;][et_pb_column _builder_version=&#8220;4.9.3&#8243; _module_preset=&#8220;default&#8220; type=&#8220;1_2&#8243;][et_pb_image src=&#8220;https:\/\/gruene-siegbach.de\/wp-content\/uploads\/2021\/01\/jens.jpg&#8220; _builder_version=&#8220;4.9.3&#8243; _module_preset=&#8220;default&#8220; title_text=&#8220;Truppe&#8220; hover_enabled=&#8220;0&#8243; sticky_enabled=&#8220;0&#8243; border_radii=&#8220;on|10px|10px|10px|10px&#8220; border_width_all=&#8220;9px&#8220; border_color_all=&#8220;#FFFFFF&#8220; box_shadow_style=&#8220;preset3&#8243; animation_style=&#8220;bounce&#8220;][\/et_pb_image][et_pb_text _builder_version=&#8220;4.9.3&#8243; _module_preset=&#8220;default&#8220; hover_enabled=&#8220;0&#8243; sticky_enabled=&#8220;0&#8243; background_color_gradient_direction=&#8220;0deg&#8220; background_color=&#8220;RGBA(0,0,0,0)&#8220;]<h1 style=\"text-align: center;\">Jens Metzler<\/h1>\n<h6 style=\"text-align: center;\">50 JAHRE \u00b7 Selbst\u00e4ndiger Handwerker<\/h6>\n<p>\u00a0<strong>Politische Anliegen\/Schwerpunkte:<\/strong><\/p>\n<p><strong><\/strong><\/p>\n<ul>\n<li>Ich komme vom Dorf, ich lebe auf dem Dorf. Nur wer mitgestaltet, kann etwas ver\u00e4ndern! Kritisieren und nichts machen ist keine Option f\u00fcr mich!<\/li>\n<\/ul>[\/et_pb_text][\/et_pb_column][et_pb_column _builder_version=&#8220;4.9.3&#8243; _module_preset=&#8220;default&#8220; type=&#8220;1_2&#8243;][et_pb_image src=&#8220;https:\/\/gruene-siegbach.de\/wp-content\/uploads\/2021\/01\/kerstin.jpg&#8220; _builder_version=&#8220;4.9.3&#8243; _module_preset=&#8220;default&#8220; title_text=&#8220;Truppe&#8220; hover_enabled=&#8220;0&#8243; sticky_enabled=&#8220;0&#8243; border_radii=&#8220;on|10px|10px|10px|10px&#8220; border_width_all=&#8220;9px&#8220; border_color_all=&#8220;#FFFFFF&#8220; box_shadow_style=&#8220;preset3&#8243; locked=&#8220;off&#8220; animation_style=&#8220;bounce&#8220;][\/et_pb_image][et_pb_text _builder_version=&#8220;4.9.3&#8243; _module_preset=&#8220;default&#8220; hover_enabled=&#8220;0&#8243; sticky_enabled=&#8220;0&#8243; background_color_gradient_direction=&#8220;0deg&#8220; background_color=&#8220;RGBA(0,0,0,0)&#8220; locked=&#8220;off&#8220;]<h1 style=\"text-align: center;\">Kerstin Sommer<\/h1>\n<h6 style=\"text-align: center;\">49 JAHRE \u00b7 B\u00dcROKAUFFRAU<\/h6>\n<p>\u00a0<strong>Politisches Anliegen\/Schwerpunkte:<\/strong><\/p>\n<p><strong><\/strong><\/p>\n<ul>\n<li>Offene und transparente Gemeindepolitik ohne \u201ePartei-Gekl\u00fcngel\u201d<\/li>\n<li>Erweiterung der Angebote f\u00fcr Kinder und Jugendliche, Familien und Senioren<\/li>\n<li>F\u00f6rderung ehrenamtlicher Initiativen und Projekte<\/li>\n<li>Ich m\u00f6chte, dass Siegbach nicht nur aus der Luft sch\u00f6n GR\u00dcN ist<\/li>\n<\/ul>[\/et_pb_text][\/et_pb_column][\/et_pb_row][et_pb_row _builder_version=&#8220;4.9.3&#8243; _module_preset=&#8220;default&#8220; column_structure=&#8220;1_2,1_2&#8243; admin_label=&#8220;Zeile&#8220; hover_enabled=&#8220;0&#8243;][et_pb_column _builder_version=&#8220;4.9.3&#8243; _module_preset=&#8220;default&#8220; type=&#8220;1_2&#8243;][et_pb_image src=&#8220;https:\/\/gruene-siegbach.de\/wp-content\/uploads\/2021\/02\/eva.jpg&#8220; _builder_version=&#8220;4.9.3&#8243; _module_preset=&#8220;default&#8220; title_text=&#8220;Truppe&#8220; hover_enabled=&#8220;0&#8243; sticky_enabled=&#8220;0&#8243; border_radii=&#8220;on|10px|10px|10px|10px&#8220; border_width_all=&#8220;9px&#8220; border_color_all=&#8220;#FFFFFF&#8220; box_shadow_style=&#8220;preset3&#8243; animation_style=&#8220;bounce&#8220;][\/et_pb_image][et_pb_text _builder_version=&#8220;4.9.3&#8243; _module_preset=&#8220;default&#8220; hover_enabled=&#8220;0&#8243; sticky_enabled=&#8220;0&#8243; background_color_gradient_direction=&#8220;0deg&#8220; background_color=&#8220;RGBA(0,0,0,0)&#8220;]<h1 style=\"text-align: center;\">Eva Schneider-Joszwowicz<\/h1>\n<h6 style=\"text-align: center;\">38 JAHRE \u00b7 Angestellte Deutsche Post AG\u00a0<\/h6>\n<p><strong>Politische Anliegen\/Schwerpunkte:<\/strong><\/p>\n<p>Mir ist eine familienfreundliche Gemeinde wichtig.<\/p>[\/et_pb_text][\/et_pb_column][et_pb_column _builder_version=&#8220;4.9.3&#8243; _module_preset=&#8220;default&#8220; type=&#8220;1_2&#8243;][et_pb_image src=&#8220;https:\/\/gruene-siegbach.de\/wp-content\/uploads\/2021\/01\/joerg.jpg&#8220; _builder_version=&#8220;4.9.3&#8243; _module_preset=&#8220;default&#8220; title_text=&#8220;Truppe&#8220; hover_enabled=&#8220;0&#8243; sticky_enabled=&#8220;0&#8243; border_radii=&#8220;on|10px|10px|10px|10px&#8220; border_width_all=&#8220;9px&#8220; border_color_all=&#8220;#FFFFFF&#8220; box_shadow_style=&#8220;preset3&#8243; locked=&#8220;off&#8220; animation_style=&#8220;bounce&#8220;][\/et_pb_image][et_pb_text _builder_version=&#8220;4.9.3&#8243; _module_preset=&#8220;default&#8220; hover_enabled=&#8220;0&#8243; sticky_enabled=&#8220;0&#8243; background_color_gradient_direction=&#8220;0deg&#8220; background_color=&#8220;RGBA(0,0,0,0)&#8220; locked=&#8220;off&#8220;]<h1 style=\"text-align: center;\">J\u00f6rg M\u00fcller<\/h1>\n<h6 style=\"text-align: center;\">53 JAHRE \u00b7 FORSTWIRT\u00a0<\/h6>\n<p><strong>Politisches Anliegen\/Schwerpunkte:<\/strong><\/p>\n<p><strong><\/strong><\/p>\n<ul>\n<li>Zielorientiertes Arbeiten in den Gremien ohne \u201eParteidenken\u201d<\/li>\n<li>Unterst\u00fctzung der heimischen Landwirtschaft<\/li>\n<li>Erhalt unserer Kulturlandschaft<\/li>\n<\/ul>[\/et_pb_text][\/et_pb_column][\/et_pb_row][et_pb_row _builder_version=&#8220;4.9.3&#8243; _module_preset=&#8220;default&#8220; column_structure=&#8220;1_2,1_2&#8243; admin_label=&#8220;Zeile&#8220; hover_enabled=&#8220;0&#8243;][et_pb_column _builder_version=&#8220;4.9.3&#8243; _module_preset=&#8220;default&#8220; type=&#8220;1_2&#8243;][et_pb_image src=&#8220;https:\/\/gruene-siegbach.de\/wp-content\/uploads\/2021\/01\/2021-01-22_10-47.png&#8220; _builder_version=&#8220;4.9.3&#8243; _module_preset=&#8220;default&#8220; title_text=&#8220;2021-01-22_10-47&#8243; hover_enabled=&#8220;0&#8243; sticky_enabled=&#8220;0&#8243; border_radii=&#8220;on|10px|10px|10px|10px&#8220; border_width_all=&#8220;9px&#8220; border_color_all=&#8220;#FFFFFF&#8220; box_shadow_style=&#8220;preset3&#8243; animation_style=&#8220;bounce&#8220; height=&#8220;802px&#8220; max_height=&#8220;489px&#8220;][\/et_pb_image][et_pb_text _builder_version=&#8220;4.9.3&#8243; _module_preset=&#8220;default&#8220; hover_enabled=&#8220;0&#8243; sticky_enabled=&#8220;0&#8243; background_color_gradient_direction=&#8220;0deg&#8220; background_color=&#8220;RGBA(0,0,0,0)&#8220;]<h1 style=\"text-align: center;\">Emmi Frahm-Jaudes<\/h1>\n<h6 style=\"text-align: center;\">53 Jahre, Diplom-Biologin<\/h6>\n<p><strong>Politisches Anliegen\/Schwerpunkte:<\/strong><\/p>\n<ul>\n<li>Dem Klimawandel auf kommunaler Ebene entgegenwirken<\/li>\n<li>Biologische Vielfalt vor Ort erhalten<\/li>\n<li>Familienfreundliche Gemeinde enwickeln<\/li>\n<li>Umweltbildung f\u00fcr Alt und Jung<\/li>\n<\/ul>[\/et_pb_text][\/et_pb_column][et_pb_column _builder_version=&#8220;4.9.3&#8243; _module_preset=&#8220;default&#8220; type=&#8220;1_2&#8243;][et_pb_image src=&#8220;https:\/\/gruene-siegbach.de\/wp-content\/uploads\/2021\/01\/friedhelm.jpg&#8220; _builder_version=&#8220;4.9.3&#8243; _module_preset=&#8220;default&#8220; title_text=&#8220;Truppe&#8220; hover_enabled=&#8220;0&#8243; sticky_enabled=&#8220;0&#8243; border_radii=&#8220;on|10px|10px|10px|10px&#8220; border_width_all=&#8220;9px&#8220; border_color_all=&#8220;#FFFFFF&#8220; box_shadow_style=&#8220;preset3&#8243; locked=&#8220;off&#8220; animation_style=&#8220;bounce&#8220;][\/et_pb_image][et_pb_text _builder_version=&#8220;4.9.3&#8243; _module_preset=&#8220;default&#8220; hover_enabled=&#8220;0&#8243; sticky_enabled=&#8220;0&#8243; background_color_gradient_direction=&#8220;0deg&#8220; background_color=&#8220;RGBA(0,0,0,0)&#8220; locked=&#8220;off&#8220;]<h1 style=\"text-align: center;\">Friedhelm Wistof<\/h1>[\/et_pb_text][\/et_pb_column][\/et_pb_row][\/et_pb_section]\n","protected":false},"excerpt":{"rendered":"<p>Christof Martin 57 JAHRE \u00b7 LANDWIRT\u00a0 Politische Anliegen\/Schwerpunkte: Transparente Politik Gelingenden Austausch und Zusammenarbeit mit den anderen Fraktionen erreichen Insbesondere Kindern und Jugendlichen \u00f6kologisches Verst\u00e4ndnis und die Liebe zur Landwirtschaft und den Tieren nahebringen. Ramona K\u00fchlborn 46 JAHRE \u00b7 Dipl.-Sozialp\u00e4dagogin\/Kriminologin in der Jugendhilfe in Strafsachen des Lahn-Dill-Kreises Politische Anliegen\/Schwerpunkte: Soziale Anbindungen f\u00fcr alle schaffen und [&hellip;]<\/p>\n","protected":false},"author":1,"featured_media":0,"parent":0,"menu_order":0,"comment_status":"closed","ping_status":"closed","template":"","meta":{"_et_pb_use_builder":"on","_et_pb_old_content":"<img src=\"http:\/\/gruene-siegbach.de\/wp-content\/uploads\/2021\/01\/christof.jpg\" alt=\"\" loading=\"lazy\" srcset=\"https:\/\/gruene-siegbach.de\/wp-content\/uploads\/2021\/01\/christof.jpg 500w, https:\/\/gruene-siegbach.de\/wp-content\/uploads\/2021\/01\/christof-300x300.jpg 300w, https:\/\/gruene-siegbach.de\/wp-content\/uploads\/2021\/01\/christof-150x150.jpg 150w, https:\/\/gruene-siegbach.de\/wp-content\/uploads\/2021\/01\/christof-100x100.jpg 100w\" sizes=\"(max-width: 500px) 100vw, 500px\" width=\"500\" height=\"500\">\n\n<b>Politische Anliegen\/Schwerpunkte:<\/b>\n<ul>\n \t<li>Transparente Politik<\/li>\n \t<li>Gelingenden Austausch und Zusammenarbeit mit den anderen Fraktionen erreichen<\/li>\n \t<li>Insbesondere Kindern und Jugendlichen \u00f6kologisches Verst\u00e4ndnis und die Liebe zur Landwirtschaft und den Tieren nahebringen.<\/li>\n<\/ul>\n<h2>Christof Martin<\/h2>\n<h2>57 JAHRE \u00b7 LANDWIRT<\/h2>\n<b>Politische Anliegen\/Schwerpunkte:<\/b>\n<ul>\n \t<li>Soziale Anbindungen f\u00fcr alle schaffen und Gemeinsinn f\u00f6rdern<\/li>\n \t<li>Gesellschaftliche Ressourcen finden und nutzbar machen<\/li>\n \t<li>Erhalt der Natur und Eintreten f\u00fcr mehr Nachhaltigkeit in der Gemeinde<\/li>\n \t<li>Einen h\u00f6heren Frauenanteil im Parlament erreichen<\/li>\n<\/ul>\n<h2>Ramona K\u00fchlborn<\/h2>\n<h2>46 JAHRE  \u00b7 Dipl.-Sozialp\u00e4dagogin\/Kriminologin in der Jugendhilfe in Strafsachen des Lahn-Dill-Kreises<\/h2>\n<img src=\"http:\/\/gruene-siegbach.de\/wp-content\/uploads\/2021\/01\/ramona.jpg\" alt=\"\" loading=\"lazy\" srcset=\"https:\/\/gruene-siegbach.de\/wp-content\/uploads\/2021\/01\/ramona.jpg 500w, https:\/\/gruene-siegbach.de\/wp-content\/uploads\/2021\/01\/ramona-300x300.jpg 300w, https:\/\/gruene-siegbach.de\/wp-content\/uploads\/2021\/01\/ramona-150x150.jpg 150w, https:\/\/gruene-siegbach.de\/wp-content\/uploads\/2021\/01\/ramona-100x100.jpg 100w\" sizes=\"(max-width: 500px) 100vw, 500px\" width=\"500\" height=\"500\">\n<img src=\"http:\/\/gruene-siegbach.de\/wp-content\/uploads\/2021\/01\/friedhelm.jpg\" alt=\"\" loading=\"lazy\" srcset=\"https:\/\/gruene-siegbach.de\/wp-content\/uploads\/2021\/01\/friedhelm.jpg 500w, https:\/\/gruene-siegbach.de\/wp-content\/uploads\/2021\/01\/friedhelm-300x300.jpg 300w, https:\/\/gruene-siegbach.de\/wp-content\/uploads\/2021\/01\/friedhelm-150x150.jpg 150w, https:\/\/gruene-siegbach.de\/wp-content\/uploads\/2021\/01\/friedhelm-100x100.jpg 100w\" sizes=\"(max-width: 500px) 100vw, 500px\" width=\"500\" height=\"500\">\n\n<b>Politische Anliegen\/Schwerpunkte:<\/b>\n\n<b>&nbsp;<\/b>\n<ul>\n \t<li>Naturerhaltung,Tourismus, Rad-\/Wanderwege<\/li>\n \t<li>Verbesserung des \u00f6ffentlichen Personennahverkehr<\/li>\n \t<li>F\u00f6rderung der Zusammenarbeit in den einzelnen Fraktionen und der Verwaltung<\/li>\n<\/ul>\n<h2>Friedhelm Wistof<\/h2>\n<h2>61 JAHRE \u00b7 Techniker bei der Bauaufsicht des Lahn-Dill-Kreises<\/h2>\n<b>Politische Anliegen\/Schwerpunkte:<\/b>\n<ul>\n \t<li>Ich komme vom Dorf, ich lebe auf dem Dorf. Nur wer mitgestaltet, kann etwas ver\u00e4ndern! Kritisieren und nichts machen ist keine Option f\u00fcr mich!<\/li>\n<\/ul>\n<h2>Jens Metzler<\/h2>\n<h2>50 JAHRE \u00b7 Selbst\u00e4ndiger Handwerker<\/h2>\n<img src=\"http:\/\/gruene-siegbach.de\/wp-content\/uploads\/2021\/01\/jens.jpg\" alt=\"\" loading=\"lazy\" srcset=\"https:\/\/gruene-siegbach.de\/wp-content\/uploads\/2021\/01\/jens.jpg 500w, https:\/\/gruene-siegbach.de\/wp-content\/uploads\/2021\/01\/jens-300x300.jpg 300w, https:\/\/gruene-siegbach.de\/wp-content\/uploads\/2021\/01\/jens-150x150.jpg 150w, https:\/\/gruene-siegbach.de\/wp-content\/uploads\/2021\/01\/jens-100x100.jpg 100w\" sizes=\"(max-width: 500px) 100vw, 500px\" width=\"500\" height=\"500\">\n<img src=\"http:\/\/gruene-siegbach.de\/wp-content\/uploads\/2021\/01\/kerstin.jpg\" alt=\"\" loading=\"lazy\" srcset=\"https:\/\/gruene-siegbach.de\/wp-content\/uploads\/2021\/01\/kerstin.jpg 500w, https:\/\/gruene-siegbach.de\/wp-content\/uploads\/2021\/01\/kerstin-300x300.jpg 300w, https:\/\/gruene-siegbach.de\/wp-content\/uploads\/2021\/01\/kerstin-150x150.jpg 150w, https:\/\/gruene-siegbach.de\/wp-content\/uploads\/2021\/01\/kerstin-100x100.jpg 100w\" sizes=\"(max-width: 500px) 100vw, 500px\" width=\"500\" height=\"500\">\n\n<b>Politisches Anliegen\/Schwerpunkte<\/b>\n<ul>\n \t<li>Offene und transparente Gemeindepolitik ohne \u201ePartei-Gekl\u00fcngel\"<\/li>\n \t<li>Erweiterung der Angebote f\u00fcr Kinder und Jugendliche, Familien und Senioren<\/li>\n \t<li>F\u00f6rderung ehrenamtlicher Initiativen und Projekte<\/li>\n \t<li>Ich m\u00f6chte, dass Siegbach nicht nur aus der Luft sch\u00f6n GR\u00dcN ist<\/li>\n<\/ul>\n<h2>Kerstin Sommer<\/h2>\n<h2>49 JAHRE \u00b7 B\u00dcROKAUFFRAU<\/h2>\n<b>Politische Anliegen\/Schwerpunkte:<\/b>\n<ul>\n \t<li>Mir ist eine familienfreundliche Gemeinde wichtig.<\/li>\n<\/ul>\n<h2>Eva Schneider-Joszwowicz<\/h2>\n<h2>38 JAHRE \u00b7 Angestellte Deutsche Post AG<\/h2>\n<img src=\"http:\/\/gruene-siegbach.de\/wp-content\/uploads\/2021\/02\/eva.jpg\" alt=\"\" loading=\"lazy\" srcset=\"https:\/\/gruene-siegbach.de\/wp-content\/uploads\/2021\/02\/eva.jpg 500w, https:\/\/gruene-siegbach.de\/wp-content\/uploads\/2021\/02\/eva-300x300.jpg 300w, https:\/\/gruene-siegbach.de\/wp-content\/uploads\/2021\/02\/eva-150x150.jpg 150w\" sizes=\"(max-width: 500px) 100vw, 500px\" width=\"500\" height=\"500\">\n<img src=\"http:\/\/gruene-siegbach.de\/wp-content\/uploads\/2021\/01\/joerg.jpg\" alt=\"\" loading=\"lazy\" srcset=\"https:\/\/gruene-siegbach.de\/wp-content\/uploads\/2021\/01\/joerg.jpg 500w, https:\/\/gruene-siegbach.de\/wp-content\/uploads\/2021\/01\/joerg-300x300.jpg 300w, https:\/\/gruene-siegbach.de\/wp-content\/uploads\/2021\/01\/joerg-150x150.jpg 150w, https:\/\/gruene-siegbach.de\/wp-content\/uploads\/2021\/01\/joerg-100x100.jpg 100w\" sizes=\"(max-width: 500px) 100vw, 500px\" width=\"500\" height=\"500\">\n\n<b>Politisches Anliegen\/Schwerpunkte<\/b>\n<ul>\n \t<li>Zielorientiertes Arbeiten in den Gremien ohne \u201eParteidenken\"<\/li>\n \t<li>Unterst\u00fctzung der heimischen Landwirtschaft<\/li>\n \t<li>Erhalt unserer Kulturlandschaft<\/li>\n<\/ul>\n<h2>J\u00f6rg M\u00fcller<\/h2>\n<h2>53 JAHRE \u00b7 FORSTWIRT<\/h2>\n<b>Politisches Anliegen\/Schwerpunkte<\/b>\n<ul>\n \t<li>Dem Klimawandel auf kommunaler Ebene entgegenwirken<\/li>\n \t<li>Biologische Vielfalt vor Ort erhalten<\/li>\n \t<li>Familienfreundliche Gemeinde enwickeln<\/li>\n \t<li>Umweltbildung f\u00fcr Alt und Jung<\/li>\n<\/ul>\n<h2>Emmi Frahm-Jaudes<\/h2>\n<h2>53 Jahre, Diplom-Biologin<\/h2>\n<img src=\"http:\/\/gruene-siegbach.de\/wp-content\/uploads\/2021\/01\/2021-01-22_10-47.png\" alt=\"\" loading=\"lazy\" srcset=\"https:\/\/gruene-siegbach.de\/wp-content\/uploads\/2021\/01\/2021-01-22_10-47.png 822w, https:\/\/gruene-siegbach.de\/wp-content\/uploads\/2021\/01\/2021-01-22_10-47-280x300.png 280w, https:\/\/gruene-siegbach.de\/wp-content\/uploads\/2021\/01\/2021-01-22_10-47-768x824.png 768w\" sizes=\"(max-width: 822px) 100vw, 822px\" width=\"822\" height=\"882\">","_et_gb_content_width":"","footnotes":""},"class_list":["post-28","page","type-page","status-publish","hentry"],"_links":{"self":[{"href":"https:\/\/gruene-siegbach.de\/index.php?rest_route=\/wp\/v2\/pages\/28","targetHints":{"allow":["GET"]}}],"collection":[{"href":"https:\/\/gruene-siegbach.de\/index.php?rest_route=\/wp\/v2\/pages"}],"about":[{"href":"https:\/\/gruene-siegbach.de\/index.php?rest_route=\/wp\/v2\/types\/page"}],"author":[{"embeddable":true,"href":"https:\/\/gruene-siegbach.de\/index.php?rest_route=\/wp\/v2\/users\/1"}],"replies":[{"embeddable":true,"href":"https:\/\/gruene-siegbach.de\/index.php?rest_route=%2Fwp%2Fv2%2Fcomments&post=28"}],"version-history":[{"count":62,"href":"https:\/\/gruene-siegbach.de\/index.php?rest_route=\/wp\/v2\/pages\/28\/revisions"}],"predecessor-version":[{"id":424,"href":"https:\/\/gruene-siegbach.de\/index.php?rest_route=\/wp\/v2\/pages\/28\/revisions\/424"}],"wp:attachment":[{"href":"https:\/\/gruene-siegbach.de\/index.php?rest_route=%2Fwp%2Fv2%2Fmedia&parent=28"}],"curies":[{"name":"wp","href":"https:\/\/api.w.org\/{rel}","templated":true}]}}